{"id":471,"date":"2026-03-24T16:32:56","date_gmt":"2026-03-24T16:32:56","guid":{"rendered":"https:\/\/aux-iles-fleuries.fr\/?page_id=471"},"modified":"2026-04-15T13:45:07","modified_gmt":"2026-04-15T13:45:07","slug":"bouquets-melanges","status":"publish","type":"page","link":"https:\/\/aux-iles-fleuries.fr\/?page_id=471","title":{"rendered":"Bouquets m\u00e9lang\u00e9s"},"content":{"rendered":"<p>[et_pb_section fb_built=\u00a0\u00bb1&Prime; _builder_version=\u00a0\u00bb4.27.6&Prime; _module_preset=\u00a0\u00bbdefault\u00a0\u00bb custom_padding=\u00a0\u00bb||0px|||\u00a0\u00bb global_colors_info=\u00a0\u00bb{}\u00a0\u00bb][et_pb_row _builder_version=\u00a0\u00bb4.27.6&Prime; _module_preset=\u00a0\u00bbdefault\u00a0\u00bb global_colors_info=\u00a0\u00bb{}\u00a0\u00bb][et_pb_column type=\u00a0\u00bb4_4&Prime; _builder_version=\u00a0\u00bb4.27.6&Prime; _module_preset=\u00a0\u00bbdefault\u00a0\u00bb global_colors_info=\u00a0\u00bb{}\u00a0\u00bb][et_pb_text _builder_version=\u00a0\u00bb4.27.6&Prime; _module_preset=\u00a0\u00bbdefault\u00a0\u00bb header_font=\u00a0\u00bbMr De Haviland||||||||\u00a0\u00bb header_text_align=\u00a0\u00bbcenter\u00a0\u00bb header_font_size=\u00a0\u00bb80px\u00a0\u00bb custom_margin=\u00a0\u00bb80px||10px||false|false\u00a0\u00bb custom_margin_tablet=\u00a0\u00bb80px||||false|false\u00a0\u00bb custom_margin_phone=\u00a0\u00bb30px||||false|false\u00a0\u00bb custom_margin_last_edited=\u00a0\u00bbon|phone\u00a0\u00bb header_font_size_tablet=\u00a0\u00bb80px\u00a0\u00bb header_font_size_phone=\u00a0\u00bb50px\u00a0\u00bb header_font_size_last_edited=\u00a0\u00bbon|phone\u00a0\u00bb global_colors_info=\u00a0\u00bb{}\u00a0\u00bb]<\/p>\n<h1>Nos bouquets m\u00e9lang\u00e9s<\/h1>\n<p>[\/et_pb_text][et_pb_text _builder_version=\u00a0\u00bb4.27.6&Prime; _module_preset=\u00a0\u00bbdefault\u00a0\u00bb text_text_color=\u00a0\u00bb#000000&Prime; text_line_height=\u00a0\u00bb1em\u00a0\u00bb text_orientation=\u00a0\u00bbcenter\u00a0\u00bb custom_margin=\u00a0\u00bb||48px|||\u00a0\u00bb global_colors_info=\u00a0\u00bb{}\u00a0\u00bb]<\/p>\n<p class=\"p1\">D\u00e9couvrez notre s\u00e9lection de <span class=\"s1\"><b>bouquets m\u00e9lang\u00e9s \u00e0 Verdun<\/b><\/span>, con\u00e7us avec passion par votre fleuriste Aux \u00celes Fleuries.<\/p>\n<p class=\"p1\">Compos\u00e9s de fleurs vari\u00e9es, color\u00e9es et de saison, ces bouquets sont parfaits pour toutes les occasions : anniversaire, remerciement, naissance ou simplement pour faire plaisir.<\/p>\n<p class=\"p1\">Chaque cr\u00e9ation est r\u00e9alis\u00e9e \u00e0 la main dans notre boutique, en associant diff\u00e9rentes vari\u00e9t\u00e9s de fleurs afin d\u2019obtenir un rendu harmonieux et \u00e9l\u00e9gant.<\/p>\n<p class=\"p1\">Nous proposons \u00e9galement un service de <span class=\"s1\"><b>livraison de fleurs \u00e0 Verdun et dans ses alentours<\/b><\/span>, pour offrir facilement un bouquet \u00e0 vos proches.<\/p>\n<p>[\/et_pb_text][\/et_pb_column][\/et_pb_row][\/et_pb_section][et_pb_section fb_built=\u00a0\u00bb1&Prime; custom_padding_last_edited=\u00a0\u00bbon|phone\u00a0\u00bb prev_background_color=\u00a0\u00bb#ffffff\u00a0\u00bb next_background_color=\u00a0\u00bb#ffffff\u00a0\u00bb _builder_version=\u00a0\u00bb4.27.6&Prime; background_color=\u00a0\u00bb#edf5cf\u00a0\u00bb width_phone=\u00a0\u00bb100%\u00a0\u00bb width_last_edited=\u00a0\u00bboff|phone\u00a0\u00bb custom_margin=\u00a0\u00bb||||false|false\u00a0\u00bb custom_margin_tablet=\u00a0\u00bb|20px||20px|false|true\u00a0\u00bb custom_margin_phone=\u00a0\u00bb|10px||10px|false|true\u00a0\u00bb custom_margin_last_edited=\u00a0\u00bbon|phone\u00a0\u00bb custom_padding=\u00a0\u00bb100px|0px|40px|0px|false|false\u00a0\u00bb custom_padding_tablet=\u00a0\u00bb100px|0px|81px|0px|false|false\u00a0\u00bb custom_padding_phone=\u00a0\u00bb20px|0px|81px|0px|false|false\u00a0\u00bb top_divider_style=\u00a0\u00bbwave2&Prime; top_divider_height=\u00a0\u00bb50px\u00a0\u00bb bottom_divider_style=\u00a0\u00bbwave2&Prime; bottom_divider_height=\u00a0\u00bb50px\u00a0\u00bb bottom_divider_flip=\u00a0\u00bbhorizontal\u00a0\u00bb border_color_right=\u00a0\u00bb#ffffff\u00a0\u00bb border_color_left=\u00a0\u00bb#ffffff\u00a0\u00bb border_width_right_tablet=\u00a0\u00bb20px\u00a0\u00bb border_width_right_phone=\u00a0\u00bb10px\u00a0\u00bb border_width_right_last_edited=\u00a0\u00bboff|desktop\u00a0\u00bb border_width_left_tablet=\u00a0\u00bb20px\u00a0\u00bb border_width_left_phone=\u00a0\u00bb10px\u00a0\u00bb border_width_left_last_edited=\u00a0\u00bboff|desktop\u00a0\u00bb global_colors_info=\u00a0\u00bb{}\u00a0\u00bb][et_pb_row use_custom_gutter=\u00a0\u00bbon\u00a0\u00bb gutter_width=\u00a0\u00bb2&Prime; _builder_version=\u00a0\u00bb4.27.6&Prime; width_tablet=\u00a0\u00bb\u00a0\u00bb width_phone=\u00a0\u00bb95%\u00a0\u00bb width_last_edited=\u00a0\u00bbon|phone\u00a0\u00bb max_width=\u00a0\u00bb1300px\u00a0\u00bb custom_padding=\u00a0\u00bb27px|0px|0|0px|false|false\u00a0\u00bb use_custom_width=\u00a0\u00bbon\u00a0\u00bb custom_width_px=\u00a0\u00bb1300px\u00a0\u00bb global_colors_info=\u00a0\u00bb{}\u00a0\u00bb][et_pb_column type=\u00a0\u00bb4_4&Prime; _builder_version=\u00a0\u00bb4.16&Prime; custom_padding=\u00a0\u00bb|||\u00a0\u00bb global_colors_info=\u00a0\u00bb{}\u00a0\u00bb custom_padding__hover=\u00a0\u00bb|||\u00a0\u00bb][et_pb_shop type=\u00a0\u00bbproduct_category\u00a0\u00bb posts_number=\u00a0\u00bb8&Prime; include_categories=\u00a0\u00bb21&Prime; orderby=\u00a0\u00bbdate-desc\u00a0\u00bb icon_hover_color=\u00a0\u00bb#ffffff\u00a0\u00bb hover_overlay_color=\u00a0\u00bbrgba(27,27,27,0.76)\u00a0\u00bb hover_icon=\u00a0\u00bb&#xe015;||divi||400&Prime; _builder_version=\u00a0\u00bb4.27.6&Prime; title_font=\u00a0\u00bbLora|||on|||||\u00a0\u00bb title_text_align=\u00a0\u00bbcenter\u00a0\u00bb title_text_color=\u00a0\u00bb#1b1b1b\u00a0\u00bb title_font_size=\u00a0\u00bb18px\u00a0\u00bb title_line_height=\u00a0\u00bb1.7em\u00a0\u00bb price_font=\u00a0\u00bbOpen Sans||||||||\u00a0\u00bb price_text_align=\u00a0\u00bbcenter\u00a0\u00bb price_line_height=\u00a0\u00bb14px\u00a0\u00bb border_radii_image=\u00a0\u00bbon|40px|40px|40px|40px\u00a0\u00bb border_width_all_image=\u00a0\u00bb5px\u00a0\u00bb border_color_all_image=\u00a0\u00bb#FFFFFF\u00a0\u00bb box_shadow_style_image=\u00a0\u00bbpreset1&Prime; global_colors_info=\u00a0\u00bb{}\u00a0\u00bb][\/et_pb_shop][\/et_pb_column][\/et_pb_row][\/et_pb_section][et_pb_section fb_built=\u00a0\u00bb1&Prime; _builder_version=\u00a0\u00bb4.27.6&Prime; _module_preset=\u00a0\u00bbdefault\u00a0\u00bb global_colors_info=\u00a0\u00bb{}\u00a0\u00bb][et_pb_row column_structure=\u00a0\u00bb1_2,1_2&Prime; make_equal=\u00a0\u00bbon\u00a0\u00bb _builder_version=\u00a0\u00bb4.27.6&Prime; _module_preset=\u00a0\u00bbdefault\u00a0\u00bb width_tablet=\u00a0\u00bb\u00a0\u00bb width_phone=\u00a0\u00bb90%\u00a0\u00bb width_last_edited=\u00a0\u00bbon|phone\u00a0\u00bb global_colors_info=\u00a0\u00bb{}\u00a0\u00bb][et_pb_column type=\u00a0\u00bb1_2&Prime; module_class=\u00a0\u00bbcentrer-verticalement\u00a0\u00bb _builder_version=\u00a0\u00bb4.27.6&Prime; _module_preset=\u00a0\u00bbdefault\u00a0\u00bb global_colors_info=\u00a0\u00bb{}\u00a0\u00bb][et_pb_text _builder_version=\u00a0\u00bb4.27.6&Prime; _module_preset=\u00a0\u00bbdefault\u00a0\u00bb header_2_font=\u00a0\u00bbMr De Haviland||||||||\u00a0\u00bb header_2_font_size=\u00a0\u00bb40px\u00a0\u00bb custom_margin=\u00a0\u00bb||0px||false|false\u00a0\u00bb custom_padding=\u00a0\u00bb||0px||false|false\u00a0\u00bb global_colors_info=\u00a0\u00bb{}\u00a0\u00bb]<\/p>\n<h2>Des bouquets m\u00e9lang\u00e9s<\/h2>\n<p>[\/et_pb_text][et_pb_text _builder_version=\u00a0\u00bb4.27.6&Prime; _module_preset=\u00a0\u00bbdefault\u00a0\u00bb header_2_font=\u00a0\u00bbLora|||on|||||\u00a0\u00bb header_2_text_align=\u00a0\u00bbleft\u00a0\u00bb global_colors_info=\u00a0\u00bb{}\u00a0\u00bb]<\/p>\n<h2>pour toutes vos envies<\/h2>\n<p>[\/et_pb_text][et_pb_text _builder_version=\u00a0\u00bb4.27.6&Prime; _module_preset=\u00a0\u00bbdefault\u00a0\u00bb text_text_color=\u00a0\u00bb#000000&Prime; text_font_size=\u00a0\u00bb16px\u00a0\u00bb global_colors_info=\u00a0\u00bb{}\u00a0\u00bb]<\/p>\n<p class=\"p1\">Les bouquets m\u00e9lang\u00e9s sont une excellente mani\u00e8re d\u2019exprimer vos \u00e9motions avec originalit\u00e9. Gr\u00e2ce \u00e0 un assemblage de fleurs aux formes et couleurs vari\u00e9es, ils offrent un rendu vivant et authentique, adapt\u00e9 \u00e0 chaque occasion.<\/p>\n<p class=\"p2\">\n<p class=\"p1\">Chez Aux \u00celes Fleuries, nous s\u00e9lectionnons des fleurs fra\u00eeches et de qualit\u00e9 pour cr\u00e9er des compositions \u00e9quilibr\u00e9es et durables. Roses, lys, germinis, fleurs de saison ou feuillages d\u00e9coratifs : chaque bouquet est pens\u00e9 pour mettre en valeur la beaut\u00e9 naturelle des fleurs.<\/p>\n<p>[\/et_pb_text][\/et_pb_column][et_pb_column type=\u00a0\u00bb1_2&Prime; _builder_version=\u00a0\u00bb4.27.6&Prime; _module_preset=\u00a0\u00bbdefault\u00a0\u00bb global_colors_info=\u00a0\u00bb{}\u00a0\u00bb][et_pb_image src=\u00a0\u00bbhttps:\/\/aux-iles-fleuries.fr\/wp-content\/uploads\/2026\/03\/2696.jpg\u00a0\u00bb alt=\u00a0\u00bbBouquets m\u00e9lang\u00e9s Verdun\u00a0\u00bb title_text=\u00a0\u00bb2696&Prime; _builder_version=\u00a0\u00bb4.27.6&Prime; _module_preset=\u00a0\u00bbdefault\u00a0\u00bb border_radii=\u00a0\u00bbon|30px|30px|30px|30px\u00a0\u00bb global_colors_info=\u00a0\u00bb{}\u00a0\u00bb][\/et_pb_image][\/et_pb_column][\/et_pb_row][et_pb_row column_structure=\u00a0\u00bb1_2,1_2&Prime; make_equal=\u00a0\u00bbon\u00a0\u00bb module_class=\u00a0\u00bbinverse\u00a0\u00bb _builder_version=\u00a0\u00bb4.27.6&Prime; _module_preset=\u00a0\u00bbdefault\u00a0\u00bb width_tablet=\u00a0\u00bb\u00a0\u00bb width_phone=\u00a0\u00bb90%\u00a0\u00bb width_last_edited=\u00a0\u00bbon|phone\u00a0\u00bb global_colors_info=\u00a0\u00bb{}\u00a0\u00bb][et_pb_column type=\u00a0\u00bb1_2&Prime; _builder_version=\u00a0\u00bb4.27.6&Prime; _module_preset=\u00a0\u00bbdefault\u00a0\u00bb global_colors_info=\u00a0\u00bb{}\u00a0\u00bb][et_pb_image src=\u00a0\u00bbhttps:\/\/aux-iles-fleuries.fr\/wp-content\/uploads\/2026\/03\/1503.jpg\u00a0\u00bb title_text=\u00a0\u00bb1503&Prime; _builder_version=\u00a0\u00bb4.27.6&Prime; _module_preset=\u00a0\u00bbdefault\u00a0\u00bb border_radii=\u00a0\u00bbon|30px|30px|30px|30px\u00a0\u00bb global_colors_info=\u00a0\u00bb{}\u00a0\u00bb][\/et_pb_image][\/et_pb_column][et_pb_column type=\u00a0\u00bb1_2&Prime; module_class=\u00a0\u00bbcentrer-verticalement\u00a0\u00bb _builder_version=\u00a0\u00bb4.27.6&Prime; _module_preset=\u00a0\u00bbdefault\u00a0\u00bb global_colors_info=\u00a0\u00bb{}\u00a0\u00bb][et_pb_text _builder_version=\u00a0\u00bb4.27.6&Prime; _module_preset=\u00a0\u00bbdefault\u00a0\u00bb header_2_font=\u00a0\u00bbMr De Haviland||||||||\u00a0\u00bb header_2_font_size=\u00a0\u00bb40px\u00a0\u00bb custom_margin=\u00a0\u00bb||0px||false|false\u00a0\u00bb custom_padding=\u00a0\u00bb||0px||false|false\u00a0\u00bb global_colors_info=\u00a0\u00bb{}\u00a0\u00bb]<\/p>\n<h2>Un fleuriste \u00e0 Verdun<\/h2>\n<p>[\/et_pb_text][et_pb_text _builder_version=\u00a0\u00bb4.27.6&Prime; _module_preset=\u00a0\u00bbdefault\u00a0\u00bb header_2_font=\u00a0\u00bbLora|||on|||||\u00a0\u00bb header_2_text_align=\u00a0\u00bbleft\u00a0\u00bb global_colors_info=\u00a0\u00bb{}\u00a0\u00bb]<\/p>\n<h2>\u00e0 votre \u00e9coute<\/h2>\n<p>[\/et_pb_text][et_pb_text _builder_version=\u00a0\u00bb4.27.6&Prime; _module_preset=\u00a0\u00bbdefault\u00a0\u00bb text_text_color=\u00a0\u00bb#000000&Prime; text_font_size=\u00a0\u00bb16px\u00a0\u00bb global_colors_info=\u00a0\u00bb{}\u00a0\u00bb]<\/p>\n<p class=\"p1\">En tant que <span class=\"s1\"><b>fleuriste \u00e0 Verdun<\/b><\/span>, nous mettons un point d\u2019honneur \u00e0 vous proposer des cr\u00e9ations personnalis\u00e9es.<\/p>\n<p class=\"p1\">Vous pouvez choisir un bouquet pr\u00eat \u00e0 offrir ou demander une composition sur mesure selon vos pr\u00e9f\u00e9rences, votre budget ou l\u2019\u00e9v\u00e9nement concern\u00e9.<\/p>\n<p class=\"p1\">Nos bouquets m\u00e9lang\u00e9s conviennent \u00e0 de nombreuses occasions :<span class=\"s2\"><\/span><\/p>\n<ul>\n<li>\n<p class=\"p1\">Anniversaire<\/p>\n<\/li>\n<li>\n<p class=\"p1\">F\u00eate<\/p>\n<\/li>\n<li>\n<p class=\"p1\">Remerciement<\/p>\n<\/li>\n<li>\n<p class=\"p1\">D\u00e9claration d\u2019amour<\/p>\n<\/li>\n<li>\n<p class=\"p1\">Naissance<\/p>\n<\/li>\n<li>\n<p class=\"p1\">Surprise du quotidien<\/p>\n<\/li>\n<\/ul>\n<p>[\/et_pb_text][\/et_pb_column][\/et_pb_row][et_pb_row column_structure=\u00a0\u00bb1_2,1_2&Prime; make_equal=\u00a0\u00bbon\u00a0\u00bb _builder_version=\u00a0\u00bb4.27.6&Prime; _module_preset=\u00a0\u00bbdefault\u00a0\u00bb width_tablet=\u00a0\u00bb\u00a0\u00bb width_phone=\u00a0\u00bb90%\u00a0\u00bb width_last_edited=\u00a0\u00bbon|phone\u00a0\u00bb global_colors_info=\u00a0\u00bb{}\u00a0\u00bb][et_pb_column type=\u00a0\u00bb1_2&Prime; module_class=\u00a0\u00bbcentrer-verticalement\u00a0\u00bb _builder_version=\u00a0\u00bb4.27.6&Prime; _module_preset=\u00a0\u00bbdefault\u00a0\u00bb global_colors_info=\u00a0\u00bb{}\u00a0\u00bb][et_pb_text _builder_version=\u00a0\u00bb4.27.6&Prime; _module_preset=\u00a0\u00bbdefault\u00a0\u00bb header_2_font=\u00a0\u00bbMr De Haviland||||||||\u00a0\u00bb header_2_font_size=\u00a0\u00bb40px\u00a0\u00bb custom_margin=\u00a0\u00bb||0px||false|false\u00a0\u00bb custom_padding=\u00a0\u00bb||0px||false|false\u00a0\u00bb global_colors_info=\u00a0\u00bb{}\u00a0\u00bb]<\/p>\n<h2>Livraison de bouquets m\u00e9lang\u00e9s<\/h2>\n<p>[\/et_pb_text][et_pb_text _builder_version=\u00a0\u00bb4.27.6&Prime; _module_preset=\u00a0\u00bbdefault\u00a0\u00bb header_2_font=\u00a0\u00bbLora|||on|||||\u00a0\u00bb header_2_text_align=\u00a0\u00bbleft\u00a0\u00bb global_colors_info=\u00a0\u00bb{}\u00a0\u00bb]<\/p>\n<h2>\u00e0 Verdun<\/h2>\n<p>[\/et_pb_text][et_pb_text _builder_version=\u00a0\u00bb4.27.6&Prime; _module_preset=\u00a0\u00bbdefault\u00a0\u00bb text_text_color=\u00a0\u00bb#000000&Prime; text_font_size=\u00a0\u00bb16px\u00a0\u00bb hover_enabled=\u00a0\u00bb0&Prime; global_colors_info=\u00a0\u00bb{}\u00a0\u00bb sticky_enabled=\u00a0\u00bb0&Prime;]<\/p>\n<p class=\"p1\">Vous souhaitez faire livrer un bouquet ?<\/p>\n<p class=\"p1\">Nous assurons la <span class=\"s1\"><b>livraison de bouquets m\u00e9lang\u00e9s \u00e0 Verdun <\/b>et dans les alentours<\/span>, directement chez le destinataire, avec le plus grand soin.<\/p>\n<p class=\"p1\">Que ce soit \u00e0 domicile, sur un lieu de travail ou dans un \u00e9tablissement, nous veillons \u00e0 ce que votre bouquet arrive dans les meilleures conditions et dans les d\u00e9lais souhait\u00e9s.<\/p>\n<p>[\/et_pb_text][\/et_pb_column][et_pb_column type=\u00a0\u00bb1_2&Prime; _builder_version=\u00a0\u00bb4.27.6&Prime; _module_preset=\u00a0\u00bbdefault\u00a0\u00bb global_colors_info=\u00a0\u00bb{}\u00a0\u00bb][et_pb_image src=\u00a0\u00bbhttps:\/\/aux-iles-fleuries.fr\/wp-content\/uploads\/2026\/04\/VD-carte.png\u00a0\u00bb title_text=\u00a0\u00bbVD-carte\u00a0\u00bb _builder_version=\u00a0\u00bb4.27.6&Prime; _module_preset=\u00a0\u00bbdefault\u00a0\u00bb global_colors_info=\u00a0\u00bb{}\u00a0\u00bb][\/et_pb_image][\/et_pb_column][\/et_pb_row][et_pb_row column_structure=\u00a0\u00bb1_2,1_2&Prime; make_equal=\u00a0\u00bbon\u00a0\u00bb module_class=\u00a0\u00bbinverse\u00a0\u00bb _builder_version=\u00a0\u00bb4.27.6&Prime; _module_preset=\u00a0\u00bbdefault\u00a0\u00bb width_tablet=\u00a0\u00bb\u00a0\u00bb width_phone=\u00a0\u00bb90%\u00a0\u00bb width_last_edited=\u00a0\u00bbon|phone\u00a0\u00bb global_colors_info=\u00a0\u00bb{}\u00a0\u00bb][et_pb_column type=\u00a0\u00bb1_2&Prime; _builder_version=\u00a0\u00bb4.27.6&Prime; _module_preset=\u00a0\u00bbdefault\u00a0\u00bb global_colors_info=\u00a0\u00bb{}\u00a0\u00bb][et_pb_image src=\u00a0\u00bbhttps:\/\/aux-iles-fleuries.fr\/wp-content\/uploads\/2026\/03\/4136.jpg\u00a0\u00bb title_text=\u00a0\u00bb4136&Prime; _builder_version=\u00a0\u00bb4.27.6&Prime; _module_preset=\u00a0\u00bbdefault\u00a0\u00bb border_radii=\u00a0\u00bbon|30px|30px|30px|30px\u00a0\u00bb global_colors_info=\u00a0\u00bb{}\u00a0\u00bb][\/et_pb_image][\/et_pb_column][et_pb_column type=\u00a0\u00bb1_2&Prime; module_class=\u00a0\u00bbcentrer-verticalement\u00a0\u00bb _builder_version=\u00a0\u00bb4.27.6&Prime; _module_preset=\u00a0\u00bbdefault\u00a0\u00bb global_colors_info=\u00a0\u00bb{}\u00a0\u00bb][et_pb_text _builder_version=\u00a0\u00bb4.27.6&Prime; _module_preset=\u00a0\u00bbdefault\u00a0\u00bb header_2_font=\u00a0\u00bbMr De Haviland||||||||\u00a0\u00bb header_2_font_size=\u00a0\u00bb40px\u00a0\u00bb custom_margin=\u00a0\u00bb||0px||false|false\u00a0\u00bb custom_padding=\u00a0\u00bb||0px||false|false\u00a0\u00bb global_colors_info=\u00a0\u00bb{}\u00a0\u00bb]<\/p>\n<h2>Des cr\u00e9ations florales<\/h2>\n<p>[\/et_pb_text][et_pb_text _builder_version=\u00a0\u00bb4.27.6&Prime; _module_preset=\u00a0\u00bbdefault\u00a0\u00bb header_2_font=\u00a0\u00bbLora|||on|||||\u00a0\u00bb header_2_text_align=\u00a0\u00bbleft\u00a0\u00bb global_colors_info=\u00a0\u00bb{}\u00a0\u00bb]<\/p>\n<h2>uniques<\/h2>\n<p>[\/et_pb_text][et_pb_text _builder_version=\u00a0\u00bb4.27.6&Prime; _module_preset=\u00a0\u00bbdefault\u00a0\u00bb text_text_color=\u00a0\u00bb#000000&Prime; text_font_size=\u00a0\u00bb16px\u00a0\u00bb custom_margin=\u00a0\u00bb||12px|||\u00a0\u00bb global_colors_info=\u00a0\u00bb{}\u00a0\u00bb]<\/p>\n<p class=\"p1\">Chaque bouquet pr\u00e9sent\u00e9 sur cette page est r\u00e9alis\u00e9 avec passion et savoir-faire. Les visuels sont donn\u00e9s \u00e0 titre indicatif : en fonction des arrivages et des saisons, certaines vari\u00e9t\u00e9s peuvent \u00eatre remplac\u00e9es, tout en respectant l\u2019esprit et les couleurs du bouquet choisi.<\/p>\n<p class=\"p1\">\ud83d\udc49 Vous avez une demande sp\u00e9cifique ?\u00a0<\/p>\n<p>[\/et_pb_text][et_pb_button button_text=\u00a0\u00bbContactez nous !\u00a0\u00bb _builder_version=\u00a0\u00bb4.27.6&Prime; _module_preset=\u00a0\u00bbdefault\u00a0\u00bb custom_button=\u00a0\u00bbon\u00a0\u00bb button_text_size=\u00a0\u00bb18px\u00a0\u00bb button_text_color=\u00a0\u00bb#000000&Prime; button_bg_color=\u00a0\u00bb#FFDBF1&Prime; button_bg_use_color_gradient=\u00a0\u00bbon\u00a0\u00bb button_bg_color_gradient_direction=\u00a0\u00bb90deg\u00a0\u00bb button_bg_color_gradient_stops=\u00a0\u00bb#b0c856 1%|#d1d64f 99%\u00a0\u00bb button_border_width=\u00a0\u00bb0px\u00a0\u00bb button_font=\u00a0\u00bbLora||||||||\u00a0\u00bb global_colors_info=\u00a0\u00bb{}\u00a0\u00bb][\/et_pb_button][\/et_pb_column][\/et_pb_row][et_pb_row _builder_version=\u00a0\u00bb4.27.6&Prime; _module_preset=\u00a0\u00bbdefault\u00a0\u00bb width_tablet=\u00a0\u00bb\u00a0\u00bb width_phone=\u00a0\u00bb90%\u00a0\u00bb width_last_edited=\u00a0\u00bbon|phone\u00a0\u00bb global_colors_info=\u00a0\u00bb{}\u00a0\u00bb][et_pb_column type=\u00a0\u00bb4_4&Prime; _builder_version=\u00a0\u00bb4.27.6&Prime; _module_preset=\u00a0\u00bbdefault\u00a0\u00bb global_colors_info=\u00a0\u00bb{}\u00a0\u00bb][et_pb_text _builder_version=\u00a0\u00bb4.27.6&Prime; _module_preset=\u00a0\u00bbdefault\u00a0\u00bb header_2_font=\u00a0\u00bbMr De Haviland||||||||\u00a0\u00bb header_2_text_align=\u00a0\u00bbcenter\u00a0\u00bb header_2_font_size=\u00a0\u00bb40px\u00a0\u00bb custom_margin=\u00a0\u00bb||0px||false|false\u00a0\u00bb custom_padding=\u00a0\u00bb||0px||false|false\u00a0\u00bb global_colors_info=\u00a0\u00bb{}\u00a0\u00bb]<\/p>\n<h2>Mini<\/h2>\n<p>[\/et_pb_text][et_pb_text _builder_version=\u00a0\u00bb4.27.6&Prime; _module_preset=\u00a0\u00bbdefault\u00a0\u00bb header_2_font=\u00a0\u00bbLora|||on|||||\u00a0\u00bb header_2_text_align=\u00a0\u00bbcenter\u00a0\u00bb global_colors_info=\u00a0\u00bb{}\u00a0\u00bb]<\/p>\n<h2>FAQ<\/h2>\n<p>[\/et_pb_text][dsm_faq dsm_close_bg_color=\u00a0\u00bbRGBA(255,255,255,0)\u00a0\u00bb dsm_content_margin=\u00a0\u00bb15px||||false|false\u00a0\u00bb _builder_version=\u00a0\u00bb4.27.6&Prime; _module_preset=\u00a0\u00bbdefault\u00a0\u00bb header_font=\u00a0\u00bbLora||||||||\u00a0\u00bb header_font_size=\u00a0\u00bb20px\u00a0\u00bb closed_header_font=\u00a0\u00bbLora||||||||\u00a0\u00bb closed_header_font_size=\u00a0\u00bb20px\u00a0\u00bb content_text_color=\u00a0\u00bb#000000&Prime; content_font_size=\u00a0\u00bb15px\u00a0\u00bb border_color_all_dsm_toggle_open_border=\u00a0\u00bbRGBA(255,255,255,0)\u00a0\u00bb border_width_bottom_dsm_toggle_open_border=\u00a0\u00bb2px\u00a0\u00bb border_color_bottom_dsm_toggle_open_border=\u00a0\u00bb#f5adff\u00a0\u00bb border_color_all_dsm_toggle_closed_border=\u00a0\u00bbRGBA(255,255,255,0)\u00a0\u00bb border_width_bottom_dsm_toggle_closed_border=\u00a0\u00bb2px\u00a0\u00bb border_color_bottom_dsm_toggle_closed_border=\u00a0\u00bb#4B8728&Prime; global_colors_info=\u00a0\u00bb{}\u00a0\u00bb][dsm_faq_child dsm_title=\u00a0\u00bbQuels types de fleurs trouve-t-on dans un bouquet m\u00e9lang\u00e9 ?\u00a0\u00bb dsm_content=\u00a0\u00bb<\/p>\n<p class=%22p1%22>Les bouquets m\u00e9lang\u00e9s peuvent contenir diff\u00e9rentes vari\u00e9t\u00e9s comme des roses, lys, gerberas, fleurs de saison et feuillages d\u00e9coratifs, selon l\u2019inspiration du fleuriste.<\/p>\n<p>\u00a0\u00bb _builder_version=\u00a0\u00bb4.27.6&Prime; _module_preset=\u00a0\u00bbdefault\u00a0\u00bb global_colors_info=\u00a0\u00bb{}\u00a0\u00bb parentOrderClass=\u00a0\u00bbdsm_faq_0&Prime;][\/dsm_faq_child][dsm_faq_child dsm_title=\u00a0\u00bbPeut-on personnaliser un bouquet m\u00e9lang\u00e9 ?\u00a0\u00bb dsm_content=\u00a0\u00bb<\/p>\n<p class=%22p1%22>Oui, nous proposons des compositions sur mesure selon vos go\u00fbts, votre budget et l\u2019occasion.<\/p>\n<p>\u00a0\u00bb _builder_version=\u00a0\u00bb4.27.6&Prime; _module_preset=\u00a0\u00bbdefault\u00a0\u00bb global_colors_info=\u00a0\u00bb{}\u00a0\u00bb parentOrderClass=\u00a0\u00bbdsm_faq_0&Prime;][\/dsm_faq_child][dsm_faq_child dsm_title=\u00a0\u00bbFaites-vous la livraison \u00e0 Verdun ?\u00a0\u00bb dsm_content=\u00a0\u00bb<\/p>\n<p class=%22p1%22>Oui, nous assurons la livraison de bouquets \u00e0 Verdun et dans les communes alentours.<\/p>\n<p>\u00a0\u00bb _builder_version=\u00a0\u00bb4.27.6&Prime; _module_preset=\u00a0\u00bbdefault\u00a0\u00bb global_colors_info=\u00a0\u00bb{}\u00a0\u00bb parentOrderClass=\u00a0\u00bbdsm_faq_0&Prime;][\/dsm_faq_child][\/dsm_faq][\/et_pb_column][\/et_pb_row][\/et_pb_section]<\/p>\n","protected":false},"excerpt":{"rendered":"<p>Nos bouquets m\u00e9lang\u00e9sD\u00e9couvrez notre s\u00e9lection de bouquets m\u00e9lang\u00e9s \u00e0 Verdun, con\u00e7us avec passion par votre fleuriste Aux \u00celes Fleuries. Compos\u00e9s de fleurs vari\u00e9es, color\u00e9es et de saison, ces bouquets sont parfaits pour toutes les occasions : anniversaire, remerciement, naissance ou simplement pour faire plaisir. Chaque cr\u00e9ation est r\u00e9alis\u00e9e \u00e0 la main dans notre boutique, en associant diff\u00e9rentes vari\u00e9t\u00e9s de fleurs afin d\u2019obtenir un rendu harmonieux et \u00e9l\u00e9gant. Nous proposons \u00e9galement un service de livraison de fleurs \u00e0 Verdun et dans ses alentours, pour offrir facilement un bouquet \u00e0 vos proches.Des bouquets m\u00e9lang\u00e9spour toutes vos enviesLes bouquets m\u00e9lang\u00e9s sont une excellente mani\u00e8re d\u2019exprimer vos \u00e9motions avec originalit\u00e9. Gr\u00e2ce \u00e0 un assemblage de fleurs aux formes et couleurs vari\u00e9es, ils offrent un rendu vivant et authentique, adapt\u00e9 \u00e0 chaque occasion. Chez Aux \u00celes Fleuries, nous s\u00e9lectionnons des fleurs fra\u00eeches et de qualit\u00e9 pour cr\u00e9er des compositions \u00e9quilibr\u00e9es et durables. Roses, lys, germinis, fleurs de saison ou feuillages d\u00e9coratifs : chaque bouquet est pens\u00e9 pour mettre en valeur la beaut\u00e9 naturelle des fleurs.Un fleuriste \u00e0 Verdun\u00e0 votre \u00e9couteEn tant que fleuriste \u00e0 Verdun, nous mettons un point d\u2019honneur \u00e0 vous proposer des cr\u00e9ations personnalis\u00e9es. Vous pouvez choisir un bouquet pr\u00eat \u00e0 offrir ou [&hellip;]<\/p>\n","protected":false},"author":1,"featured_media":0,"parent":0,"menu_order":0,"comment_status":"closed","ping_status":"closed","template":"","meta":{"_et_pb_use_builder":"on","_et_pb_old_content":"","_et_gb_content_width":"","inline_featured_image":false,"footnotes":""},"class_list":["post-471","page","type-page","status-publish","hentry"],"_links":{"self":[{"href":"https:\/\/aux-iles-fleuries.fr\/index.php?rest_route=\/wp\/v2\/pages\/471","targetHints":{"allow":["GET"]}}],"collection":[{"href":"https:\/\/aux-iles-fleuries.fr\/index.php?rest_route=\/wp\/v2\/pages"}],"about":[{"href":"https:\/\/aux-iles-fleuries.fr\/index.php?rest_route=\/wp\/v2\/types\/page"}],"author":[{"embeddable":true,"href":"https:\/\/aux-iles-fleuries.fr\/index.php?rest_route=\/wp\/v2\/users\/1"}],"replies":[{"embeddable":true,"href":"https:\/\/aux-iles-fleuries.fr\/index.php?rest_route=%2Fwp%2Fv2%2Fcomments&post=471"}],"version-history":[{"count":22,"href":"https:\/\/aux-iles-fleuries.fr\/index.php?rest_route=\/wp\/v2\/pages\/471\/revisions"}],"predecessor-version":[{"id":1082,"href":"https:\/\/aux-iles-fleuries.fr\/index.php?rest_route=\/wp\/v2\/pages\/471\/revisions\/1082"}],"wp:attachment":[{"href":"https:\/\/aux-iles-fleuries.fr\/index.php?rest_route=%2Fwp%2Fv2%2Fmedia&parent=471"}],"curies":[{"name":"wp","href":"https:\/\/api.w.org\/{rel}","templated":true}]}}