{"id":998,"date":"2026-04-09T09:31:03","date_gmt":"2026-04-09T09:31:03","guid":{"rendered":"https:\/\/aux-iles-fleuries.fr\/?page_id=998"},"modified":"2026-04-09T09:31:14","modified_gmt":"2026-04-09T09:31:14","slug":"mentions-legales","status":"publish","type":"page","link":"https:\/\/aux-iles-fleuries.fr\/?page_id=998","title":{"rendered":"Mentions l\u00e9gales"},"content":{"rendered":"<p>[et_pb_section fb_built=\u00a0\u00bb1&Prime; custom_padding_last_edited=\u00a0\u00bbon|phone\u00a0\u00bb _builder_version=\u00a0\u00bb4.27.6&Prime; _module_preset=\u00a0\u00bbdefault\u00a0\u00bb custom_padding=\u00a0\u00bb150px||0px||false|false\u00a0\u00bb custom_padding_tablet=\u00a0\u00bb150px||0px||false|false\u00a0\u00bb custom_padding_phone=\u00a0\u00bb100px||||false|false\u00a0\u00bb global_colors_info=\u00a0\u00bb{}\u00a0\u00bb theme_builder_area=\u00a0\u00bbpost_content\u00a0\u00bb][et_pb_row _builder_version=\u00a0\u00bb4.27.6&Prime; _module_preset=\u00a0\u00bbdefault\u00a0\u00bb global_colors_info=\u00a0\u00bb{}\u00a0\u00bb theme_builder_area=\u00a0\u00bbpost_content\u00a0\u00bb][et_pb_column type=\u00a0\u00bb4_4&Prime; _builder_version=\u00a0\u00bb4.27.6&Prime; _module_preset=\u00a0\u00bbdefault\u00a0\u00bb global_colors_info=\u00a0\u00bb{}\u00a0\u00bb theme_builder_area=\u00a0\u00bbpost_content\u00a0\u00bb][et_pb_text _builder_version=\u00a0\u00bb4.27.6&Prime; _module_preset=\u00a0\u00bbdefault\u00a0\u00bb header_font=\u00a0\u00bbLora||||||||\u00a0\u00bb header_text_align=\u00a0\u00bbcenter\u00a0\u00bb header_font_size=\u00a0\u00bb40px\u00a0\u00bb custom_margin=\u00a0\u00bb-11px||10px||false|false\u00a0\u00bb custom_margin_tablet=\u00a0\u00bb80px||||false|false\u00a0\u00bb custom_margin_phone=\u00a0\u00bb30px||||false|false\u00a0\u00bb custom_margin_last_edited=\u00a0\u00bbon|phone\u00a0\u00bb hover_enabled=\u00a0\u00bb0&Prime; header_font_size_tablet=\u00a0\u00bb80px\u00a0\u00bb header_font_size_phone=\u00a0\u00bb25px\u00a0\u00bb header_font_size_last_edited=\u00a0\u00bbon|phone\u00a0\u00bb global_colors_info=\u00a0\u00bb{}\u00a0\u00bb theme_builder_area=\u00a0\u00bbpost_content\u00a0\u00bb sticky_enabled=\u00a0\u00bb0&Prime;]<\/p>\n<h1>Mentions l\u00e9gales<\/h1>\n<p>[\/et_pb_text][\/et_pb_column][\/et_pb_row][\/et_pb_section][et_pb_section fb_built=\u00a0\u00bb1&Prime; custom_padding_last_edited=\u00a0\u00bbon|phone\u00a0\u00bb prev_background_color=\u00a0\u00bb#ffffff\u00a0\u00bb next_background_color=\u00a0\u00bb#FFFFFF\u00a0\u00bb _builder_version=\u00a0\u00bb4.27.6&Prime; background_color=\u00a0\u00bb#edf5cf\u00a0\u00bb width_phone=\u00a0\u00bb100%\u00a0\u00bb width_last_edited=\u00a0\u00bboff|phone\u00a0\u00bb custom_margin=\u00a0\u00bb||||false|false\u00a0\u00bb custom_margin_tablet=\u00a0\u00bb|20px||20px|false|true\u00a0\u00bb custom_margin_phone=\u00a0\u00bb|10px||10px|false|true\u00a0\u00bb custom_margin_last_edited=\u00a0\u00bbon|phone\u00a0\u00bb custom_padding=\u00a0\u00bb66px|0px|87px|0px|false|false\u00a0\u00bb custom_padding_tablet=\u00a0\u00bb100px|0px|81px|0px|false|false\u00a0\u00bb custom_padding_phone=\u00a0\u00bb20px|0px|81px|0px|false|false\u00a0\u00bb top_divider_style=\u00a0\u00bbwave2&Prime; top_divider_height=\u00a0\u00bb50px\u00a0\u00bb bottom_divider_style=\u00a0\u00bbwave2&Prime; bottom_divider_height=\u00a0\u00bb50px\u00a0\u00bb bottom_divider_flip=\u00a0\u00bbhorizontal\u00a0\u00bb border_color_right=\u00a0\u00bb#ffffff\u00a0\u00bb border_color_left=\u00a0\u00bb#ffffff\u00a0\u00bb border_width_right_tablet=\u00a0\u00bb20px\u00a0\u00bb border_width_right_phone=\u00a0\u00bb10px\u00a0\u00bb border_width_right_last_edited=\u00a0\u00bboff|desktop\u00a0\u00bb border_width_left_tablet=\u00a0\u00bb20px\u00a0\u00bb border_width_left_phone=\u00a0\u00bb10px\u00a0\u00bb border_width_left_last_edited=\u00a0\u00bboff|desktop\u00a0\u00bb global_colors_info=\u00a0\u00bb{}\u00a0\u00bb theme_builder_area=\u00a0\u00bbpost_content\u00a0\u00bb][et_pb_row use_custom_gutter=\u00a0\u00bbon\u00a0\u00bb gutter_width=\u00a0\u00bb2&Prime; _builder_version=\u00a0\u00bb4.27.6&Prime; width_tablet=\u00a0\u00bb\u00a0\u00bb width_phone=\u00a0\u00bb95%\u00a0\u00bb width_last_edited=\u00a0\u00bbon|phone\u00a0\u00bb max_width=\u00a0\u00bb1300px\u00a0\u00bb custom_padding=\u00a0\u00bb27px|0px|0|0px|false|false\u00a0\u00bb use_custom_width=\u00a0\u00bbon\u00a0\u00bb custom_width_px=\u00a0\u00bb1300px\u00a0\u00bb global_colors_info=\u00a0\u00bb{}\u00a0\u00bb theme_builder_area=\u00a0\u00bbpost_content\u00a0\u00bb][et_pb_column type=\u00a0\u00bb4_4&Prime; _builder_version=\u00a0\u00bb4.16&Prime; custom_padding=\u00a0\u00bb|||\u00a0\u00bb global_colors_info=\u00a0\u00bb{}\u00a0\u00bb custom_padding__hover=\u00a0\u00bb|||\u00a0\u00bb theme_builder_area=\u00a0\u00bbpost_content\u00a0\u00bb][et_pb_text _builder_version=\u00a0\u00bb4.27.6&Prime; _module_preset=\u00a0\u00bbdefault\u00a0\u00bb text_text_color=\u00a0\u00bb#000000&Prime; text_font_size=\u00a0\u00bb16px\u00a0\u00bb hover_enabled=\u00a0\u00bb0&Prime; global_colors_info=\u00a0\u00bb{}\u00a0\u00bb theme_builder_area=\u00a0\u00bbpost_content\u00a0\u00bb link_text_color=\u00a0\u00bb#000000&Prime; link_font=\u00a0\u00bb|700|||||||\u00a0\u00bb sticky_enabled=\u00a0\u00bb0&Prime;]<\/p>\n<p><strong>Ce site est \u00e9dit\u00e9 par :<\/strong><\/p>\n<p>Aux \u00eeles Fleuries<\/p>\n<p>&nbsp;<\/p>\n<p><strong>Adresse :<\/strong><\/p>\n<p>27 AVENUE MARECHAL JOFFRE, 55100 VERDUN<\/p>\n<p><strong>\u00a0<\/strong><\/p>\n<p><strong>Adresse \u00e9lectronique :<\/strong><\/p>\n<p>aux-iles-fleuries@wanadoo.fr<\/p>\n<p><strong>\u00a0<\/strong><\/p>\n<p><strong>T\u00e9l\u00e9phone :<\/strong><\/p>\n<p>03 29 83 33 33<\/p>\n<p><strong>\u00a0<\/strong><\/p>\n<p><strong>N\u00b0 SIRET de l\u2019\u00e9tablissement :<\/strong><\/p>\n<p>42004068500018<\/p>\n<p><strong>\u00a0<\/strong><\/p>\n<p><strong>N\u00b0 d\u2019assujettissement \u00e0 la TVA :<\/strong><\/p>\n<p>FR14420040685<\/p>\n<p><strong>\u00a0<\/strong><\/p>\n<p><strong>Directeur de r\u00e9daction et de publication :<\/strong><\/p>\n<p>Aurora OLIVEIRA<\/p>\n<p>&nbsp;<\/p>\n<p>Ce site a \u00e9t\u00e9 con\u00e7u et r\u00e9alis\u00e9 par <a href=\"https:\/\/www.dlw-communication.com\/\" target=\"_blank\" rel=\"noopener\">DLW Communication<\/a><\/p>\n<p>&nbsp;<\/p>\n<p><strong>Son h\u00e9bergement est assur\u00e9 par la soci\u00e9t\u00e9<\/strong> <strong>OVH<\/strong><\/p>\n<p><span>SAS au capital de 10 000 000 \u20ac RCS Roubaix<br \/>Tourcoing 424 761 419 00045<br \/>Code APE 6202A \u2013 N\u00b0 TVA : FR 22 424 761 419<\/span><\/p>\n<p><span><em><strong><\/strong><\/em><\/span><span><em><strong>Si\u00e8ge social :<\/strong><\/em><br \/>2 rue Kellermann<br \/>59100 Roubaix \u2013 France.<\/span><\/p>\n<p>[\/et_pb_text][\/et_pb_column][\/et_pb_row][\/et_pb_section][et_pb_section fb_built=\u00a0\u00bb1&Prime; _builder_version=\u00a0\u00bb4.27.6&Prime; _module_preset=\u00a0\u00bbdefault\u00a0\u00bb background_color=\u00a0\u00bb#FFFFFF\u00a0\u00bb global_colors_info=\u00a0\u00bb{}\u00a0\u00bb theme_builder_area=\u00a0\u00bbpost_content\u00a0\u00bb][\/et_pb_section]<\/p>\n","protected":false},"excerpt":{"rendered":"<p>Mentions l\u00e9galesCe site est \u00e9dit\u00e9 par : Aux \u00eeles Fleuries &nbsp; Adresse : 27 AVENUE MARECHAL JOFFRE, 55100 VERDUN \u00a0 Adresse \u00e9lectronique : aux-iles-fleuries@wanadoo.fr \u00a0 T\u00e9l\u00e9phone : 03 29 83 33 33 \u00a0 N\u00b0 SIRET de l\u2019\u00e9tablissement : 42004068500018 \u00a0 N\u00b0 d\u2019assujettissement \u00e0 la TVA : FR14420040685 \u00a0 Directeur de r\u00e9daction et de publication : Aurora OLIVEIRA &nbsp; Ce site a \u00e9t\u00e9 con\u00e7u et r\u00e9alis\u00e9 par DLW Communication &nbsp; Son h\u00e9bergement est assur\u00e9 par la soci\u00e9t\u00e9 OVH SAS au capital de 10 000 000 \u20ac RCS RoubaixTourcoing 424 761 419 00045Code APE 6202A \u2013 N\u00b0 TVA : FR 22 424 761 419 Si\u00e8ge social :2 rue Kellermann59100 Roubaix \u2013 France.<\/p>\n","protected":false},"author":1,"featured_media":0,"parent":0,"menu_order":0,"comment_status":"closed","ping_status":"closed","template":"","meta":{"_et_pb_use_builder":"on","_et_pb_old_content":"","_et_gb_content_width":"","inline_featured_image":false,"footnotes":""},"class_list":["post-998","page","type-page","status-publish","hentry"],"_links":{"self":[{"href":"https:\/\/aux-iles-fleuries.fr\/index.php?rest_route=\/wp\/v2\/pages\/998","targetHints":{"allow":["GET"]}}],"collection":[{"href":"https:\/\/aux-iles-fleuries.fr\/index.php?rest_route=\/wp\/v2\/pages"}],"about":[{"href":"https:\/\/aux-iles-fleuries.fr\/index.php?rest_route=\/wp\/v2\/types\/page"}],"author":[{"embeddable":true,"href":"https:\/\/aux-iles-fleuries.fr\/index.php?rest_route=\/wp\/v2\/users\/1"}],"replies":[{"embeddable":true,"href":"https:\/\/aux-iles-fleuries.fr\/index.php?rest_route=%2Fwp%2Fv2%2Fcomments&post=998"}],"version-history":[{"count":3,"href":"https:\/\/aux-iles-fleuries.fr\/index.php?rest_route=\/wp\/v2\/pages\/998\/revisions"}],"predecessor-version":[{"id":1002,"href":"https:\/\/aux-iles-fleuries.fr\/index.php?rest_route=\/wp\/v2\/pages\/998\/revisions\/1002"}],"wp:attachment":[{"href":"https:\/\/aux-iles-fleuries.fr\/index.php?rest_route=%2Fwp%2Fv2%2Fmedia&parent=998"}],"curies":[{"name":"wp","href":"https:\/\/api.w.org\/{rel}","templated":true}]}}