{"id":74,"date":"2026-03-10T16:08:21","date_gmt":"2026-03-10T16:08:21","guid":{"rendered":"https:\/\/aux-iles-fleuries.fr\/?post_type=product&#038;p=74"},"modified":"2026-03-10T16:11:42","modified_gmt":"2026-03-10T16:11:42","slug":"roses-rouges","status":"publish","type":"product","link":"https:\/\/aux-iles-fleuries.fr\/?product=roses-rouges","title":{"rendered":"Roses rouges"},"content":{"rendered":"<p><span style=\"font-weight: 400;\">La rose rouge est ind\u00e9modable et intemporelle. Elle symbolise l\u2019amour, la beaut\u00e9, la passion et le romantisme. <\/span><span style=\"font-weight: 400;\">La taille, la vari\u00e9t\u00e9 ainsi que le nombre de fleurs peuvent changer suivant la saison. Le feuillage est offert par votre fleuriste.<\/span><\/p>\n<p><span style=\"font-weight: 400;\">Pour conserver encore plus longtemps vos fleurs, quelques astuces: changer l&rsquo;eau du vase tous les trois jours, et tailler les tiges de 1 cm tous les deux jours.<\/span><\/p>\n","protected":false},"excerpt":{"rendered":"<p>La rose rouge est ind\u00e9modable et intemporelle. Elle symbolise l\u2019amour, la beaut\u00e9, la passion et le romantisme. La taille, la vari\u00e9t\u00e9 ainsi que le nombre de fleurs peuvent changer suivant la saison. Le feuillage est offert par votre fleuriste. Pour conserver encore plus longtemps vos fleurs, quelques astuces: changer l&rsquo;eau du vase tous les trois [&hellip;]<\/p>\n","protected":false},"featured_media":110,"template":"","meta":{"_et_pb_use_builder":"","_et_pb_old_content":"","_et_gb_content_width":"","inline_featured_image":false},"product_brand":[],"product_cat":[19,20],"product_tag":[],"class_list":{"0":"post-74","1":"product","2":"type-product","3":"status-publish","4":"has-post-thumbnail","6":"product_cat-roses","7":"product_cat-tous-les-produits","8":"wcpa_has_options","10":"first","11":"instock","12":"shipping-taxable","13":"purchasable","14":"product-type-variable","15":"has-default-attributes"},"wcpa_form_fields":{"wcpaData":{"product":{"product_price":35,"price_html":"<span class=\"woocommerce-Price-amount amount\" aria-hidden=\"true\"><bdi>35,00&nbsp;<span class=\"woocommerce-Price-currencySymbol\">&euro;<\/span><\/bdi><\/span> <span aria-hidden=\"true\">\u00a0\u2013\u00a0<\/span> <span class=\"woocommerce-Price-amount amount\" aria-hidden=\"true\"><bdi>145,00&nbsp;<span class=\"woocommerce-Price-currencySymbol\">&euro;<\/span><\/bdi><\/span><span class=\"screen-reader-text\">Plage de prix\u00a0: 35,00&nbsp;&euro; \u00e0 145,00&nbsp;&euro;<\/span>","original_product_price":35,"price_including_tax":35,"price_excluding_tax":35,"product_id":{"parent":74,"variation":false},"is_variable":true,"stock_status":"instock","stock_quantity":null,"parent_sku":"1004","product_attributes":{"pa_taille":{"is_variation":true,"values":[]}},"custom_fields":[],"is_taxable":false,"product_name":"Roses rouges","hasImage":false},"fields":{"sec_769c25d4a9c969":{"extra":{"key":"sec_769c25d4a9c969","section_id":"sec_769c25d4a9c969","name":"Default","status":1,"toggle":true,"form_id":411,"form_rules":{"exclude_from_discount":false,"fee_label":"Frais","disp_hide_options_price":false,"disp_show_section_price":false,"disp_show_field_price":true,"layout_option":"standard","pric_use_as_fee":false,"process_fee_as":"woo_fee"},"layout_option":"standard"},"fields":[[{"active":true,"col":6,"relations":false,"cl_rule":"show","enableCl":false,"price":"","enablePrice":false,"className":"","type":"select","required":false,"elementId":"select_3455640981","label":"Occasion","name":"select_3455640981","values":[{"label":"Plaisir d'offrir","value":"Plaisir d'offrir","selected":false,"tempId":"aco_80","gt_translate_keys":["label"]},{"label":"Anniversaire","value":"Anniversaire","selected":false,"tempId":"aco_81","gt_translate_keys":["label"]},{"label":"Je t'aime","value":"Je t'aime","selected":false,"tempId":"aco_82","gt_translate_keys":["label"]},{"label":"Bonne f\u00eate","value":"Bonne f\u00eate","selected":false,"tempId":"aco_125","gt_translate_keys":["label"]},{"label":"Merci","value":"Merci","selected":false,"tempId":"aco_132","gt_translate_keys":["label"]},{"label":"Heureux anniversaire de mariage","value":"Heureux anniversaire de mariage","selected":false,"tempId":"aco_139","gt_translate_keys":["label"]},{"label":"Heureux mariage","value":"Heureux mariage","selected":false,"tempId":"aco_182","gt_translate_keys":["label"]},{"label":"Sinc\u00e8res condol\u00e9ances","value":"Sinc\u00e8res condol\u00e9ances","selected":false,"tempId":"aco_189","gt_translate_keys":["label"]}],"error":false,"gt_translate_keys":["label"],"price_dependency":false,"cl_dependency":false,"value":""}],[{"active":true,"col":6,"relations":false,"cl_rule":"show","enableCl":false,"price":"5","enablePrice":true,"className":"","type":"checkbox-group","required":false,"elementId":"checkgroup_5671185348","label":"Accessoires","name":"checkgroup_5671185348","values":[{"label":"Bulle d'eau ","value":"Bulle d'eau","selected":false,"tempId":"aco_354","price":"5","gt_translate_keys":["label"]},{"label":"Vase ","value":"Vase","selected":false,"tempId":"aco_355","price":"10","gt_translate_keys":["label"]},{"label":"Carte message ","value":"carte message","selected":false,"tempId":"aco_794","price":"5","gt_translate_keys":["label"]}],"error":false,"isWeightTemplate":false,"isTemplate":false,"layOut":"","checkUi":"","min_quantity":"1","quantity_decimal":false,"quantity_step":"1","quantity_label":"Quantity","repeater_field_label":"{field_label}","repeater_bind":"","priceOptions":"different_for_all","pricingType":"fixed","use_as_fee":false,"gt_translate_keys":["label","repeater_field_label","quantity_label"],"price_dependency":false,"cl_dependency":false,"value":""}],[{"active":true,"col":6,"relations":false,"cl_rule":"show","enableCl":false,"price":"","enablePrice":false,"className":"","type":"textarea","required":false,"elementId":"textarea_6030623638","label":"Ajouter un message","name":"textarea_6030623638","value":"","rows":2,"error":false,"isWeightTemplate":false,"isTemplate":false,"min_quantity":"1","quantity_decimal":false,"quantity_step":"1","quantity_label":"Quantity","repeater_field_label":"{field_label}","repeater_bind":"","tooltip":"","description":"Si vous n'avez pas pris de carte message, le message sera sur une carte \"Aux \u00eeles fleuries\"","gt_translate_keys":["label","description","value","tooltip","repeater_field_label","quantity_label"],"price_dependency":false,"cl_dependency":false}]]}},"config":{"price_override":"","enable_recaptcha":false,"bind_quantity":false,"quantity_bind_formula":false,"disp_summ_show_option_price":true,"disp_summ_show_product_price":true,"disp_summ_show_total_price":true,"disp_summ_show_fee":false,"disp_summ_show_discount":false,"summary_title":"","options_total_label":"Prix \u200b\u200bdes options","total_label":"Total","options_product_label":"Prix \u200b\u200bdu produit","fee_label":"Frais","discount_label":"R\u00e9duction","has_price":true,"has_quantity_formula":false},"mc_unit":1,"tax_rate":1,"tax_rate_real":1,"discount":{"percentage":0,"fixed":0},"design":{"conf":{"LabelPosition":"above","DescPosition":"above","UploadField":"custom_1","QuantityFieldStyle":"default"},"css":{"LeftLabelWidth":"120px"}},"formulas":[],"lookuptables":[],"clones":false,"cartKey":false}},"_links":{"self":[{"href":"https:\/\/aux-iles-fleuries.fr\/index.php?rest_route=\/wp\/v2\/product\/74","targetHints":{"allow":["GET"]}}],"collection":[{"href":"https:\/\/aux-iles-fleuries.fr\/index.php?rest_route=\/wp\/v2\/product"}],"about":[{"href":"https:\/\/aux-iles-fleuries.fr\/index.php?rest_route=\/wp\/v2\/types\/product"}],"wp:featuredmedia":[{"embeddable":true,"href":"https:\/\/aux-iles-fleuries.fr\/index.php?rest_route=\/wp\/v2\/media\/110"}],"wp:attachment":[{"href":"https:\/\/aux-iles-fleuries.fr\/index.php?rest_route=%2Fwp%2Fv2%2Fmedia&parent=74"}],"wp:term":[{"taxonomy":"product_brand","embeddable":true,"href":"https:\/\/aux-iles-fleuries.fr\/index.php?rest_route=%2Fwp%2Fv2%2Fproduct_brand&post=74"},{"taxonomy":"product_cat","embeddable":true,"href":"https:\/\/aux-iles-fleuries.fr\/index.php?rest_route=%2Fwp%2Fv2%2Fproduct_cat&post=74"},{"taxonomy":"product_tag","embeddable":true,"href":"https:\/\/aux-iles-fleuries.fr\/index.php?rest_route=%2Fwp%2Fv2%2Fproduct_tag&post=74"}],"curies":[{"name":"wp","href":"https:\/\/api.w.org\/{rel}","templated":true}]}}