{"id":87,"date":"2026-03-10T16:08:22","date_gmt":"2026-03-10T16:08:22","guid":{"rendered":"https:\/\/aux-iles-fleuries.fr\/?post_type=product&#038;p=87"},"modified":"2026-03-26T09:34:20","modified_gmt":"2026-03-26T09:34:20","slug":"nettoyage-et-entretien-de-tombe","status":"publish","type":"product","link":"https:\/\/aux-iles-fleuries.fr\/?product=nettoyage-et-entretien-de-tombe","title":{"rendered":"Nettoyage et entretien de tombe"},"content":{"rendered":"<p>Voici les informations \u00e0 nous communiquer pour toute prestation :<\/p>\n<p>\u2013 Ville et nom du cimeti\u00e8re<br \/>\n\u2013 Localisation exacte de la s\u00e9pulture (num\u00e9ro d&rsquo;all\u00e9e\/carr\u00e9) et description d\u00e9taill\u00e9e recommand\u00e9e<br \/>\n\u2013 Nom et pr\u00e9nom de famille du d\u00e9funt<br \/>\n\u2013 Formule retenue<br \/>\n\u2013 Compositions de fleurs choisies (coupe de plante ou fleurs artificielles)<br \/>\n\u2013 Votre adresse postale<br \/>\n\u2013 Votre num\u00e9ro de t\u00e9l\u00e9phone et votre mail<\/p>\n","protected":false},"excerpt":{"rendered":"<p>Nettoyage de la tombe et de ses ornements.<\/p>\n<p>Retrait des plantes et fleurs fan\u00e9es, des feuilles mortes et nettoyage \u00e0 la brosse (pas de karcher pour ne pas ab\u00eemer la pierre tombale).<\/p>\n<p>Ce travail est r\u00e9alis\u00e9 par nos soins. Nous pouvons aussi fleurir vos tombes en choisissant les options si dessous:<\/p>\n","protected":false},"featured_media":118,"template":"","meta":{"_et_pb_use_builder":"","_et_pb_old_content":"","_et_gb_content_width":"","inline_featured_image":false},"product_brand":[],"product_cat":[24,20],"product_tag":[],"class_list":{"0":"post-87","1":"product","2":"type-product","3":"status-publish","4":"has-post-thumbnail","6":"product_cat-nettoyage-et-entretien-de-tombe","7":"product_cat-tous-les-produits","8":"wcpa_has_options","10":"first","11":"instock","12":"shipping-taxable","13":"purchasable","14":"product-type-variable","15":"has-default-attributes"},"wcpa_form_fields":{"wcpaData":{"product":{"product_price":60,"price_html":"<span class=\"woocommerce-Price-amount amount\" aria-hidden=\"true\"><bdi>60,00&nbsp;<span class=\"woocommerce-Price-currencySymbol\">&euro;<\/span><\/bdi><\/span> <span aria-hidden=\"true\">\u00a0\u2013\u00a0<\/span> <span class=\"woocommerce-Price-amount amount\" aria-hidden=\"true\"><bdi>140,00&nbsp;<span class=\"woocommerce-Price-currencySymbol\">&euro;<\/span><\/bdi><\/span><span class=\"screen-reader-text\">Plage de prix\u00a0: 60,00&nbsp;&euro; \u00e0 140,00&nbsp;&euro;<\/span>","original_product_price":60,"price_including_tax":60,"price_excluding_tax":60,"product_id":{"parent":87,"variation":false},"is_variable":true,"stock_status":"instock","stock_quantity":null,"parent_sku":"5001","product_attributes":{"pa_options":{"is_variation":true,"values":[]}},"custom_fields":[],"is_taxable":false,"product_name":"Nettoyage et entretien de tombe","hasImage":false},"fields":{"sec_769c4fdbf40e64":{"extra":{"key":"sec_769c4fdbf40e64","section_id":"sec_769c4fdbf40e64","name":"Default","status":1,"toggle":true,"form_id":608,"form_rules":{"exclude_from_discount":false,"fee_label":"Frais","disp_hide_options_price":false,"disp_show_section_price":false,"disp_show_field_price":true,"layout_option":"standard","pric_use_as_fee":false,"process_fee_as":"woo_fee"},"layout_option":"standard"},"fields":[[{"active":true,"col":6,"relations":false,"cl_rule":"show","enableCl":false,"price":"","enablePrice":false,"className":"","type":"text","subtype":"text","required":false,"elementId":"text_5177097141","label":"Ville et nom du cimeti\u00e8re","name":"text_5177097141","value":"","error":false,"gt_translate_keys":["label","value"],"price_dependency":false,"cl_dependency":false}],[{"active":true,"col":6,"relations":false,"cl_rule":"show","enableCl":false,"price":"","enablePrice":false,"className":"","type":"textarea","required":false,"elementId":"textarea_1774806066","label":"Localisation exacte de la s\u00e9pulture (num\u00e9ro d'all\u00e9e\/carr\u00e9) et description d\u00e9taill\u00e9e recommand\u00e9e","name":"textarea_1774806066","value":"","rows":2,"error":false,"gt_translate_keys":["label","value"],"price_dependency":false,"cl_dependency":false}],[{"active":true,"col":6,"relations":false,"cl_rule":"show","enableCl":false,"price":"","enablePrice":false,"className":"","type":"text","subtype":"text","required":false,"elementId":"text_1776468588","label":"Nom et pr\u00e9nom de famille du d\u00e9funt","name":"text_1776468588","value":"","error":false,"gt_translate_keys":["label","value"],"price_dependency":false,"cl_dependency":false}],[{"active":true,"col":6,"relations":false,"cl_rule":"show","enableCl":false,"price":"","enablePrice":false,"className":"","type":"text","subtype":"text","required":false,"elementId":"text_7800783103","label":"Votre adresse postale","name":"text_7800783103","value":"","error":false,"gt_translate_keys":["label","value"],"price_dependency":false,"cl_dependency":false}],[{"active":true,"col":6,"relations":false,"cl_rule":"show","enableCl":false,"price":"","enablePrice":false,"className":"","type":"text","subtype":"text","required":false,"elementId":"text_7809376118","label":"Votre num\u00e9ro de t\u00e9l\u00e9phone et votre mail","name":"text_7809376118","value":"","error":false,"gt_translate_keys":["label","value"],"price_dependency":false,"cl_dependency":false}]]}},"config":{"price_override":"","enable_recaptcha":false,"bind_quantity":false,"quantity_bind_formula":false,"disp_summ_show_option_price":true,"disp_summ_show_product_price":true,"disp_summ_show_total_price":true,"disp_summ_show_fee":false,"disp_summ_show_discount":false,"summary_title":"","options_total_label":"Prix \u200b\u200bdes options","total_label":"Total","options_product_label":"Prix \u200b\u200bdu produit","fee_label":"Frais","discount_label":"R\u00e9duction","has_price":true,"has_quantity_formula":false},"mc_unit":1,"tax_rate":1,"tax_rate_real":1,"discount":{"percentage":0,"fixed":0},"design":{"conf":{"LabelPosition":"above","DescPosition":"above","UploadField":"custom_1","QuantityFieldStyle":"default"},"css":{"LeftLabelWidth":"120px"}},"formulas":[],"lookuptables":[],"clones":false,"cartKey":false}},"_links":{"self":[{"href":"https:\/\/aux-iles-fleuries.fr\/index.php?rest_route=\/wp\/v2\/product\/87","targetHints":{"allow":["GET"]}}],"collection":[{"href":"https:\/\/aux-iles-fleuries.fr\/index.php?rest_route=\/wp\/v2\/product"}],"about":[{"href":"https:\/\/aux-iles-fleuries.fr\/index.php?rest_route=\/wp\/v2\/types\/product"}],"wp:featuredmedia":[{"embeddable":true,"href":"https:\/\/aux-iles-fleuries.fr\/index.php?rest_route=\/wp\/v2\/media\/118"}],"wp:attachment":[{"href":"https:\/\/aux-iles-fleuries.fr\/index.php?rest_route=%2Fwp%2Fv2%2Fmedia&parent=87"}],"wp:term":[{"taxonomy":"product_brand","embeddable":true,"href":"https:\/\/aux-iles-fleuries.fr\/index.php?rest_route=%2Fwp%2Fv2%2Fproduct_brand&post=87"},{"taxonomy":"product_cat","embeddable":true,"href":"https:\/\/aux-iles-fleuries.fr\/index.php?rest_route=%2Fwp%2Fv2%2Fproduct_cat&post=87"},{"taxonomy":"product_tag","embeddable":true,"href":"https:\/\/aux-iles-fleuries.fr\/index.php?rest_route=%2Fwp%2Fv2%2Fproduct_tag&post=87"}],"curies":[{"name":"wp","href":"https:\/\/api.w.org\/{rel}","templated":true}]}}